{"id":4088,"date":"2024-03-06T12:18:47","date_gmt":"2024-03-06T12:18:47","guid":{"rendered":"https:\/\/spiterstulen.dev.webist.no\/autumn\/"},"modified":"2024-06-11T19:35:23","modified_gmt":"2024-06-11T19:35:23","slug":"autumn","status":"publish","type":"page","link":"https:\/\/spiterstulen.no\/en\/activities\/autumn\/","title":{"rendered":"Autumn"},"content":{"rendered":"\n\n\t\t\t\t<img decoding=\"async\" src=\"https:\/\/spiterstulen.no\/wp-content\/plugins\/bb-plugin\/img\/pixel.png\" alt=\"\" itemprop=\"image\" onerror=\"this.style.display='none'\"  \/>\n<h1>\n\t\tAutumn at Spiterstulen\n\t<\/h1>\n\t<p>Experience the autumn colors of Jotunheimen from Spiterstulen, where magnificent nature encounters warm hospitality. Experience the vibrant autumn hues of Jotunheimen from Spiterstulen, where breathtaking nature meets heartfelt hospitality. Explore diverse hiking trails, enjoy stunning panoramic views from majestic mountain peaks, and end the day with homemade food made from local ingredients. Spiterstulen offers cozy accommodation options that make it easy to take in the beauty of autumn and recharge in a relaxing atmosphere. Get ready for a memorable autumn holiday in the heart of the mountains.<\/p>\n\t\t\t<a href=\"\/en\/activities\/\" target=\"_self\" rel=\"noopener\">\n\t\t\t\t\t\t\t&lt;&lt; Back\n\t\t\t\t\t<\/a>\n\t\t\t\t<img loading=\"lazy\" decoding=\"async\" src=\"https:\/\/spiterstulen.no\/wp-content\/uploads\/2024\/04\/gald7.jpg\" alt=\"P\u00e5 toppen av Norges h\u00f8yeste fjell, Galdh\u00f8piggen i solnedgang.\" itemprop=\"image\" height=\"1013\" width=\"1800\" title=\"Galdh\u00f8piggen i solnedgang\" onerror=\"this.style.display='none'\"  \/>\n<h3>\n\t\tGaldh\u00f8piggen\n\t<\/h3>\n\t<p>Galdh\u00f8piggen can usually be climbed from Spiterstulen in three ways: Easy &#8211; Difficult &#8211; Extreme<\/p>\n\t\t\t<a href=\"\/en\/mountain-hikes\/galdhopiggen\/\" target=\"_self\" rel=\"noopener\">\n\t\t\t\t\t\t\tREAD MORE\n\t\t\t\t\t<\/a>\n\t\t\t\t<img loading=\"lazy\" decoding=\"async\" src=\"https:\/\/spiterstulen.no\/wp-content\/uploads\/2024\/04\/glittertind6.jpg\" alt=\"Utsikt fra Glittertind og \u00f8stover.\" itemprop=\"image\" height=\"675\" width=\"1200\" title=\"Utsikt fra Glittertind\" onerror=\"this.style.display='none'\"  \/>\n<h3>\n\t\tGlittertind\n\t<\/h3>\n\t<p>Glittertind in Jotunheimen has an elevation of 2452 meters above sea level, making it Norway&#8217;s second-highest mountain.<\/p>\n\t\t\t<a href=\"\/en\/mountain-hikes\/glittertind\/\" target=\"_self\" rel=\"noopener\">\n\t\t\t\t\t\t\tREAD MORE\n\t\t\t\t\t<\/a>\n\t<meta itemscope itemprop=\"mainEntityOfPage\" itemtype=\"https:\/\/schema.org\/WebPage\" itemid=\"http:\/\/5394\" content=\"Easter in Jotunheimen\" \/><meta itemprop=\"datePublished\" content=\"2024-03-04\" \/><meta itemprop=\"dateModified\" content=\"2024-05-30\" \/><meta itemprop=\"name\" content=\"Spiterstulen Turisthytte dev\"\/><meta itemprop=\"url\" content=\"https:\/\/spiterstulen.no\/en\/author\/ingeborg\/\" \/><meta itemprop=\"name\" content=\"Ingeborg Mjanger\" \/><meta itemprop=\"url\" content=\"https:\/\/spiterstulen.no\/wp-content\/uploads\/2024\/03\/IMG4368.jpg\" \/><meta itemprop=\"width\" content=\"1200\" \/><meta itemprop=\"height\" content=\"572\" \/><meta itemprop=\"interactionType\" content=\"https:\/\/schema.org\/CommentAction\" \/><meta itemprop=\"userInteractionCount\" content=\"0\" \/>\t\n\t\t\t\t<a href=\"https:\/\/spiterstulen.no\/en\/activities\/easter-in-jotunheimen\/\" title=\"Easter in Jotunheimen\"><\/a>\n\t\t\t\t<h6 itemprop=\"headline\">\n\t\t\t<a href=\"https:\/\/spiterstulen.no\/en\/activities\/easter-in-jotunheimen\/\" title=\"Easter in Jotunheimen\">Easter in Jotunheimen<\/a>\n\t\t<\/h6>\n\t<meta itemscope itemprop=\"mainEntityOfPage\" itemtype=\"https:\/\/schema.org\/WebPage\" itemid=\"http:\/\/5405\" content=\"Galdh\u00f8piggen\" \/><meta itemprop=\"datePublished\" content=\"2024-04-03\" \/><meta itemprop=\"dateModified\" content=\"2024-06-11\" \/><meta itemprop=\"name\" content=\"Spiterstulen Turisthytte dev\"\/><meta itemprop=\"url\" content=\"https:\/\/spiterstulen.no\/en\/author\/ingeborg\/\" \/><meta itemprop=\"name\" content=\"Ingeborg Mjanger\" \/><meta itemprop=\"url\" content=\"https:\/\/spiterstulen.no\/wp-content\/uploads\/2024\/03\/sommer5.jpg\" \/><meta itemprop=\"width\" content=\"1200\" \/><meta itemprop=\"height\" content=\"572\" \/><meta itemprop=\"interactionType\" content=\"https:\/\/schema.org\/CommentAction\" \/><meta itemprop=\"userInteractionCount\" content=\"0\" \/>\t\n\t\t\t\t<a href=\"https:\/\/spiterstulen.no\/en\/mountain-hikes\/galdhopiggen\/\" title=\"Galdh\u00f8piggen\"><\/a>\n\t\t\t\t<h6 itemprop=\"headline\">\n\t\t\t<a href=\"https:\/\/spiterstulen.no\/en\/mountain-hikes\/galdhopiggen\/\" title=\"Galdh\u00f8piggen\">Galdh\u00f8piggen<\/a>\n\t\t<\/h6>\n\t<meta itemscope itemprop=\"mainEntityOfPage\" itemtype=\"https:\/\/schema.org\/WebPage\" itemid=\"http:\/\/4082\" content=\"Galdh\u00f8piggen Randonne\u00e8\" \/><meta itemprop=\"datePublished\" content=\"2024-03-06\" \/><meta itemprop=\"dateModified\" content=\"2024-05-30\" \/><meta itemprop=\"name\" content=\"Spiterstulen Turisthytte dev\"\/><meta itemprop=\"url\" content=\"https:\/\/spiterstulen.no\/en\/author\/ingeborg\/\" \/><meta itemprop=\"name\" content=\"Ingeborg Mjanger\" \/><meta itemprop=\"url\" content=\"https:\/\/spiterstulen.no\/wp-content\/uploads\/2024\/03\/IMG0125.jpg\" \/><meta itemprop=\"width\" content=\"1200\" \/><meta itemprop=\"height\" content=\"572\" \/><meta itemprop=\"interactionType\" content=\"https:\/\/schema.org\/CommentAction\" \/><meta itemprop=\"userInteractionCount\" content=\"0\" \/>\t\n\t\t\t\t<a href=\"https:\/\/spiterstulen.no\/en\/activities\/galdhopiggen-randonnee\/\" title=\"Galdh\u00f8piggen Randonne\u00e8\"><\/a>\n\t\t\t\t<h6 itemprop=\"headline\">\n\t\t\t<a href=\"https:\/\/spiterstulen.no\/en\/activities\/galdhopiggen-randonnee\/\" title=\"Galdh\u00f8piggen Randonne\u00e8\">Galdh\u00f8piggen Randonne\u00e8<\/a>\n\t\t<\/h6>\n\t<meta itemscope itemprop=\"mainEntityOfPage\" itemtype=\"https:\/\/schema.org\/WebPage\" itemid=\"http:\/\/5406\" content=\"Glittertind\" \/><meta itemprop=\"datePublished\" content=\"2024-04-05\" \/><meta itemprop=\"dateModified\" content=\"2024-04-05\" \/><meta itemprop=\"name\" content=\"Spiterstulen Turisthytte dev\"\/><meta itemprop=\"url\" content=\"https:\/\/spiterstulen.no\/en\/author\/ingeborg\/\" \/><meta itemprop=\"name\" content=\"Ingeborg Mjanger\" \/><meta itemprop=\"url\" content=\"https:\/\/spiterstulen.no\/wp-content\/uploads\/2024\/04\/glittertind1.jpg\" \/><meta itemprop=\"width\" content=\"1300\" \/><meta itemprop=\"height\" content=\"731\" \/><meta itemprop=\"interactionType\" content=\"https:\/\/schema.org\/CommentAction\" \/><meta itemprop=\"userInteractionCount\" content=\"0\" \/>\t\n\t\t\t\t<a href=\"https:\/\/spiterstulen.no\/en\/mountain-hikes\/glittertind\/\" title=\"Glittertind\"><\/a>\n\t\t\t\t<h6 itemprop=\"headline\">\n\t\t\t<a href=\"https:\/\/spiterstulen.no\/en\/mountain-hikes\/glittertind\/\" title=\"Glittertind\">Glittertind<\/a>\n\t\t<\/h6>\n\t<meta itemscope itemprop=\"mainEntityOfPage\" itemtype=\"https:\/\/schema.org\/WebPage\" itemid=\"http:\/\/5293\" content=\"Mountaineering\" \/><meta itemprop=\"datePublished\" content=\"2024-05-07\" \/><meta itemprop=\"dateModified\" content=\"2024-06-05\" \/><meta itemprop=\"name\" content=\"Spiterstulen Turisthytte dev\"\/><meta itemprop=\"url\" content=\"https:\/\/spiterstulen.no\/en\/author\/ingeborg\/\" \/><meta itemprop=\"name\" content=\"Ingeborg Mjanger\" \/><meta itemprop=\"url\" content=\"https:\/\/spiterstulen.no\/wp-content\/uploads\/2024\/04\/klatring-Galdhopiggen.jpg\" \/><meta itemprop=\"width\" content=\"1500\" \/><meta itemprop=\"height\" content=\"1320\" \/><meta itemprop=\"interactionType\" content=\"https:\/\/schema.org\/CommentAction\" \/><meta itemprop=\"userInteractionCount\" content=\"0\" \/>\t\n\t\t\t\t<a href=\"https:\/\/spiterstulen.no\/en\/activities\/mountaineering\/\" title=\"Mountaineering\"><\/a>\n\t\t\t\t<h6 itemprop=\"headline\">\n\t\t\t<a href=\"https:\/\/spiterstulen.no\/en\/activities\/mountaineering\/\" title=\"Mountaineering\">Mountaineering<\/a>\n\t\t<\/h6>\n\t<meta itemscope itemprop=\"mainEntityOfPage\" itemtype=\"https:\/\/schema.org\/WebPage\" itemid=\"http:\/\/5295\" content=\"Olsok 29.7\" \/><meta itemprop=\"datePublished\" content=\"2024-03-21\" \/><meta itemprop=\"dateModified\" content=\"2024-06-05\" \/><meta itemprop=\"name\" content=\"Spiterstulen Turisthytte dev\"\/><meta itemprop=\"url\" content=\"https:\/\/spiterstulen.no\/en\/author\/ingeborg\/\" \/><meta itemprop=\"name\" content=\"Ingeborg Mjanger\" \/><meta itemprop=\"url\" content=\"https:\/\/spiterstulen.no\/wp-content\/uploads\/2024\/03\/olsok3.jpg\" \/><meta itemprop=\"width\" content=\"1200\" \/><meta itemprop=\"height\" content=\"572\" \/><meta itemprop=\"interactionType\" content=\"https:\/\/schema.org\/CommentAction\" \/><meta itemprop=\"userInteractionCount\" content=\"0\" \/>\t\n\t\t\t\t<a href=\"https:\/\/spiterstulen.no\/en\/activities\/olsok-29-7\/\" title=\"Olsok 29.7\"><\/a>\n\t\t\t\t<h6 itemprop=\"headline\">\n\t\t\t<a href=\"https:\/\/spiterstulen.no\/en\/activities\/olsok-29-7\/\" title=\"Olsok 29.7\">Olsok 29.7<\/a>\n\t\t<\/h6>\n\t<meta itemscope itemprop=\"mainEntityOfPage\" itemtype=\"https:\/\/schema.org\/WebPage\" itemid=\"http:\/\/5366\" content=\"Summer in the mountains\" \/><meta itemprop=\"datePublished\" content=\"2024-03-06\" \/><meta itemprop=\"dateModified\" content=\"2024-06-11\" \/><meta itemprop=\"name\" content=\"Spiterstulen Turisthytte dev\"\/><meta itemprop=\"url\" content=\"https:\/\/spiterstulen.no\/en\/author\/ingeborg\/\" \/><meta itemprop=\"name\" content=\"Ingeborg Mjanger\" \/><meta itemprop=\"url\" content=\"https:\/\/spiterstulen.no\/wp-content\/uploads\/2024\/03\/20130708132032.jpg\" \/><meta itemprop=\"width\" content=\"1200\" \/><meta itemprop=\"height\" content=\"572\" \/><meta itemprop=\"interactionType\" content=\"https:\/\/schema.org\/CommentAction\" \/><meta itemprop=\"userInteractionCount\" content=\"0\" \/>\t\n\t\t\t\t<a href=\"https:\/\/spiterstulen.no\/en\/activities\/summer-in-the-mountains\/\" title=\"Summer in the mountains\"><\/a>\n\t\t\t\t<h6 itemprop=\"headline\">\n\t\t\t<a href=\"https:\/\/spiterstulen.no\/en\/activities\/summer-in-the-mountains\/\" title=\"Summer in the mountains\">Summer in the mountains<\/a>\n\t\t<\/h6>\n\t<meta itemscope itemprop=\"mainEntityOfPage\" itemtype=\"https:\/\/schema.org\/WebPage\" itemid=\"http:\/\/5415\" content=\"Winter hikes\" \/><meta itemprop=\"datePublished\" content=\"2024-03-07\" \/><meta itemprop=\"dateModified\" content=\"2024-06-11\" \/><meta itemprop=\"name\" content=\"Spiterstulen Turisthytte dev\"\/><meta itemprop=\"url\" content=\"https:\/\/spiterstulen.no\/en\/author\/ingeborg\/\" \/><meta itemprop=\"name\" content=\"Ingeborg Mjanger\" \/><meta itemprop=\"url\" content=\"https:\/\/spiterstulen.no\/wp-content\/uploads\/2024\/03\/DSC_0156-scaled.jpg\" \/><meta itemprop=\"width\" content=\"2560\" \/><meta itemprop=\"height\" content=\"1714\" \/><meta itemprop=\"interactionType\" content=\"https:\/\/schema.org\/CommentAction\" \/><meta itemprop=\"userInteractionCount\" content=\"0\" \/>\t\n\t\t\t\t<a href=\"https:\/\/spiterstulen.no\/en\/mountain-hikes\/winter-hikes\/\" title=\"Winter hikes\"><\/a>\n\t\t\t\t<h6 itemprop=\"headline\">\n\t\t\t<a href=\"https:\/\/spiterstulen.no\/en\/mountain-hikes\/winter-hikes\/\" title=\"Winter hikes\">Winter hikes<\/a>\n\t\t<\/h6>\n\t\t<!-- .pp-content-posts -->\n\n","protected":false},"excerpt":{"rendered":"<p>Autumn at Spiterstulen Experience the autumn colors of Jotunheimen from Spiterstulen, where magnificent nature encounters warm hospitality. Experience the vibrant autumn hues of Jotunheimen from Spiterstulen, where breathtaking nature meets heartfelt hospitality. Explore diverse hiking trails, enjoy stunning panoramic views from majestic mountain peaks, and end the day with homemade food made from local ingredients.&hellip;<\/p>\n","protected":false},"author":2,"featured_media":3823,"parent":5388,"menu_order":0,"comment_status":"closed","ping_status":"closed","template":"","meta":{"footnotes":""},"class_list":["post-4088","page","type-page","status-publish","has-post-thumbnail","hentry"],"yoast_head":"<!-- This site is optimized with the Yoast SEO plugin v27.4 - https:\/\/yoast.com\/product\/yoast-seo-wordpress\/ -->\n<title>Autumn in Jotunheimen | Spiterstulen<\/title>\n<meta name=\"description\" content=\"Experience the autumn splendor of Jotunheimen from Spiterstulen with magnificent hikes, panoramic views, and homemade food in beautiful surroundings.\" \/>\n<meta name=\"robots\" content=\"index, follow, max-snippet:-1, max-image-preview:large, max-video-preview:-1\" \/>\n<link rel=\"canonical\" href=\"https:\/\/spiterstulen.no\/en\/activities\/autumn\/\" \/>\n<meta property=\"og:locale\" content=\"en_US\" \/>\n<meta property=\"og:type\" content=\"article\" \/>\n<meta property=\"og:title\" content=\"Autumn in Jotunheimen | Spiterstulen\" \/>\n<meta property=\"og:description\" content=\"Experience the autumn splendor of Jotunheimen from Spiterstulen with magnificent hikes, panoramic views, and homemade food in beautiful surroundings.\" \/>\n<meta property=\"og:url\" content=\"https:\/\/spiterstulen.no\/en\/activities\/autumn\/\" \/>\n<meta property=\"og:site_name\" content=\"Spiterstulen Turisthytte\" \/>\n<meta property=\"article:modified_time\" content=\"2024-06-11T19:35:23+00:00\" \/>\n<meta property=\"og:image\" content=\"https:\/\/spiterstulen.no\/wp-content\/uploads\/2024\/03\/DSC_0087-Kopi-scaled.jpg\" \/>\n\t<meta property=\"og:image:width\" content=\"2560\" \/>\n\t<meta property=\"og:image:height\" content=\"1714\" \/>\n\t<meta property=\"og:image:type\" content=\"image\/jpeg\" \/>\n<meta name=\"twitter:card\" content=\"summary_large_image\" \/>\n<meta name=\"twitter:label1\" content=\"Est. reading time\" \/>\n\t<meta name=\"twitter:data1\" content=\"1 minute\" \/>\n<script type=\"application\/ld+json\" class=\"yoast-schema-graph\">{\"@context\":\"https:\\\/\\\/schema.org\",\"@graph\":[{\"@type\":\"WebPage\",\"@id\":\"https:\\\/\\\/spiterstulen.no\\\/en\\\/activities\\\/autumn\\\/\",\"url\":\"https:\\\/\\\/spiterstulen.no\\\/en\\\/activities\\\/autumn\\\/\",\"name\":\"Autumn in Jotunheimen | Spiterstulen\",\"isPartOf\":{\"@id\":\"https:\\\/\\\/spiterstulen.no\\\/en\\\/#website\"},\"primaryImageOfPage\":{\"@id\":\"https:\\\/\\\/spiterstulen.no\\\/en\\\/activities\\\/autumn\\\/#primaryimage\"},\"image\":{\"@id\":\"https:\\\/\\\/spiterstulen.no\\\/en\\\/activities\\\/autumn\\\/#primaryimage\"},\"thumbnailUrl\":\"https:\\\/\\\/spiterstulen.no\\\/wp-content\\\/uploads\\\/2024\\\/03\\\/DSC_0087-Kopi-scaled.jpg\",\"datePublished\":\"2024-03-06T12:18:47+00:00\",\"dateModified\":\"2024-06-11T19:35:23+00:00\",\"description\":\"Experience the autumn splendor of Jotunheimen from Spiterstulen with magnificent hikes, panoramic views, and homemade food in beautiful surroundings.\",\"breadcrumb\":{\"@id\":\"https:\\\/\\\/spiterstulen.no\\\/en\\\/activities\\\/autumn\\\/#breadcrumb\"},\"inLanguage\":\"en-US\",\"potentialAction\":[{\"@type\":\"ReadAction\",\"target\":[\"https:\\\/\\\/spiterstulen.no\\\/en\\\/activities\\\/autumn\\\/\"]}]},{\"@type\":\"ImageObject\",\"inLanguage\":\"en-US\",\"@id\":\"https:\\\/\\\/spiterstulen.no\\\/en\\\/activities\\\/autumn\\\/#primaryimage\",\"url\":\"https:\\\/\\\/spiterstulen.no\\\/wp-content\\\/uploads\\\/2024\\\/03\\\/DSC_0087-Kopi-scaled.jpg\",\"contentUrl\":\"https:\\\/\\\/spiterstulen.no\\\/wp-content\\\/uploads\\\/2024\\\/03\\\/DSC_0087-Kopi-scaled.jpg\",\"width\":2560,\"height\":1714},{\"@type\":\"BreadcrumbList\",\"@id\":\"https:\\\/\\\/spiterstulen.no\\\/en\\\/activities\\\/autumn\\\/#breadcrumb\",\"itemListElement\":[{\"@type\":\"ListItem\",\"position\":1,\"name\":\"Hjem\",\"item\":\"https:\\\/\\\/spiterstulen.no\\\/en\\\/\"},{\"@type\":\"ListItem\",\"position\":2,\"name\":\"Activities\",\"item\":\"https:\\\/\\\/spiterstulen.no\\\/en\\\/activities\\\/\"},{\"@type\":\"ListItem\",\"position\":3,\"name\":\"Autumn\"}]},{\"@type\":\"WebSite\",\"@id\":\"https:\\\/\\\/spiterstulen.no\\\/en\\\/#website\",\"url\":\"https:\\\/\\\/spiterstulen.no\\\/en\\\/\",\"name\":\"Spiterstulen Turisthytte\",\"description\":\"Gir hverdagen et pusterom\",\"potentialAction\":[{\"@type\":\"SearchAction\",\"target\":{\"@type\":\"EntryPoint\",\"urlTemplate\":\"https:\\\/\\\/spiterstulen.no\\\/en\\\/?s={search_term_string}\"},\"query-input\":{\"@type\":\"PropertyValueSpecification\",\"valueRequired\":true,\"valueName\":\"search_term_string\"}}],\"inLanguage\":\"en-US\"}]}<\/script>\n<!-- \/ Yoast SEO plugin. -->","yoast_head_json":{"title":"Autumn in Jotunheimen | Spiterstulen","description":"Experience the autumn splendor of Jotunheimen from Spiterstulen with magnificent hikes, panoramic views, and homemade food in beautiful surroundings.","robots":{"index":"index","follow":"follow","max-snippet":"max-snippet:-1","max-image-preview":"max-image-preview:large","max-video-preview":"max-video-preview:-1"},"canonical":"https:\/\/spiterstulen.no\/en\/activities\/autumn\/","og_locale":"en_US","og_type":"article","og_title":"Autumn in Jotunheimen | Spiterstulen","og_description":"Experience the autumn splendor of Jotunheimen from Spiterstulen with magnificent hikes, panoramic views, and homemade food in beautiful surroundings.","og_url":"https:\/\/spiterstulen.no\/en\/activities\/autumn\/","og_site_name":"Spiterstulen Turisthytte","article_modified_time":"2024-06-11T19:35:23+00:00","og_image":[{"width":2560,"height":1714,"url":"https:\/\/spiterstulen.no\/wp-content\/uploads\/2024\/03\/DSC_0087-Kopi-scaled.jpg","type":"image\/jpeg"}],"twitter_card":"summary_large_image","twitter_misc":{"Est. reading time":"1 minute"},"schema":{"@context":"https:\/\/schema.org","@graph":[{"@type":"WebPage","@id":"https:\/\/spiterstulen.no\/en\/activities\/autumn\/","url":"https:\/\/spiterstulen.no\/en\/activities\/autumn\/","name":"Autumn in Jotunheimen | Spiterstulen","isPartOf":{"@id":"https:\/\/spiterstulen.no\/en\/#website"},"primaryImageOfPage":{"@id":"https:\/\/spiterstulen.no\/en\/activities\/autumn\/#primaryimage"},"image":{"@id":"https:\/\/spiterstulen.no\/en\/activities\/autumn\/#primaryimage"},"thumbnailUrl":"https:\/\/spiterstulen.no\/wp-content\/uploads\/2024\/03\/DSC_0087-Kopi-scaled.jpg","datePublished":"2024-03-06T12:18:47+00:00","dateModified":"2024-06-11T19:35:23+00:00","description":"Experience the autumn splendor of Jotunheimen from Spiterstulen with magnificent hikes, panoramic views, and homemade food in beautiful surroundings.","breadcrumb":{"@id":"https:\/\/spiterstulen.no\/en\/activities\/autumn\/#breadcrumb"},"inLanguage":"en-US","potentialAction":[{"@type":"ReadAction","target":["https:\/\/spiterstulen.no\/en\/activities\/autumn\/"]}]},{"@type":"ImageObject","inLanguage":"en-US","@id":"https:\/\/spiterstulen.no\/en\/activities\/autumn\/#primaryimage","url":"https:\/\/spiterstulen.no\/wp-content\/uploads\/2024\/03\/DSC_0087-Kopi-scaled.jpg","contentUrl":"https:\/\/spiterstulen.no\/wp-content\/uploads\/2024\/03\/DSC_0087-Kopi-scaled.jpg","width":2560,"height":1714},{"@type":"BreadcrumbList","@id":"https:\/\/spiterstulen.no\/en\/activities\/autumn\/#breadcrumb","itemListElement":[{"@type":"ListItem","position":1,"name":"Hjem","item":"https:\/\/spiterstulen.no\/en\/"},{"@type":"ListItem","position":2,"name":"Activities","item":"https:\/\/spiterstulen.no\/en\/activities\/"},{"@type":"ListItem","position":3,"name":"Autumn"}]},{"@type":"WebSite","@id":"https:\/\/spiterstulen.no\/en\/#website","url":"https:\/\/spiterstulen.no\/en\/","name":"Spiterstulen Turisthytte","description":"Gir hverdagen et pusterom","potentialAction":[{"@type":"SearchAction","target":{"@type":"EntryPoint","urlTemplate":"https:\/\/spiterstulen.no\/en\/?s={search_term_string}"},"query-input":{"@type":"PropertyValueSpecification","valueRequired":true,"valueName":"search_term_string"}}],"inLanguage":"en-US"}]}},"_links":{"self":[{"href":"https:\/\/spiterstulen.no\/en\/wp-json\/wp\/v2\/pages\/4088","targetHints":{"allow":["GET"]}}],"collection":[{"href":"https:\/\/spiterstulen.no\/en\/wp-json\/wp\/v2\/pages"}],"about":[{"href":"https:\/\/spiterstulen.no\/en\/wp-json\/wp\/v2\/types\/page"}],"author":[{"embeddable":true,"href":"https:\/\/spiterstulen.no\/en\/wp-json\/wp\/v2\/users\/2"}],"replies":[{"embeddable":true,"href":"https:\/\/spiterstulen.no\/en\/wp-json\/wp\/v2\/comments?post=4088"}],"version-history":[{"count":3,"href":"https:\/\/spiterstulen.no\/en\/wp-json\/wp\/v2\/pages\/4088\/revisions"}],"predecessor-version":[{"id":5569,"href":"https:\/\/spiterstulen.no\/en\/wp-json\/wp\/v2\/pages\/4088\/revisions\/5569"}],"up":[{"embeddable":true,"href":"https:\/\/spiterstulen.no\/en\/wp-json\/wp\/v2\/pages\/5388"}],"wp:featuredmedia":[{"embeddable":true,"href":"https:\/\/spiterstulen.no\/en\/wp-json\/wp\/v2\/media\/3823"}],"wp:attachment":[{"href":"https:\/\/spiterstulen.no\/en\/wp-json\/wp\/v2\/media?parent=4088"}],"curies":[{"name":"wp","href":"https:\/\/api.w.org\/{rel}","templated":true}]}}