{"id":4085,"date":"2024-04-04T12:43:09","date_gmt":"2024-04-04T12:43:09","guid":{"rendered":"https:\/\/spiterstulen.dev.webist.no\/haute-route-hogruta\/"},"modified":"2024-05-30T14:30:26","modified_gmt":"2024-05-30T14:30:26","slug":"haute-route-hogruta","status":"publish","type":"page","link":"https:\/\/spiterstulen.no\/en\/mountain-hikes\/haute-route-hogruta\/","title":{"rendered":"Haute Route &#8211; H\u00f8gruta"},"content":{"rendered":"","protected":false},"excerpt":{"rendered":"","protected":false},"author":2,"featured_media":3762,"parent":5401,"menu_order":0,"comment_status":"closed","ping_status":"closed","template":"","meta":{"footnotes":""},"class_list":["post-4085","page","type-page","status-publish","has-post-thumbnail","hentry"],"yoast_head":"<!-- This site is optimized with the Yoast SEO plugin v27.4 - https:\/\/yoast.com\/product\/yoast-seo-wordpress\/ -->\n<title>Haute Route - H\u00f8gruta - Spiterstulen Turisthytte<\/title>\n<meta name=\"robots\" content=\"index, follow, max-snippet:-1, max-image-preview:large, max-video-preview:-1\" \/>\n<link rel=\"canonical\" href=\"https:\/\/spiterstulen.no\/en\/mountain-hikes\/haute-route-hogruta\/\" \/>\n<meta property=\"og:locale\" content=\"en_US\" \/>\n<meta property=\"og:type\" content=\"article\" \/>\n<meta property=\"og:title\" content=\"Haute Route - H\u00f8gruta - Spiterstulen Turisthytte\" \/>\n<meta property=\"og:url\" content=\"https:\/\/spiterstulen.no\/en\/mountain-hikes\/haute-route-hogruta\/\" \/>\n<meta property=\"og:site_name\" content=\"Spiterstulen Turisthytte\" \/>\n<meta property=\"article:modified_time\" content=\"2024-05-30T14:30:26+00:00\" \/>\n<meta property=\"og:image\" content=\"https:\/\/spiterstulen.no\/wp-content\/uploads\/2024\/02\/Aktiviteter-Hogruta.jpg\" \/>\n\t<meta property=\"og:image:width\" content=\"1200\" \/>\n\t<meta property=\"og:image:height\" content=\"572\" \/>\n\t<meta property=\"og:image:type\" content=\"image\/jpeg\" \/>\n<meta name=\"twitter:card\" content=\"summary_large_image\" \/>\n<script type=\"application\/ld+json\" class=\"yoast-schema-graph\">{\"@context\":\"https:\\\/\\\/schema.org\",\"@graph\":[{\"@type\":\"WebPage\",\"@id\":\"https:\\\/\\\/spiterstulen.no\\\/en\\\/mountain-hikes\\\/haute-route-hogruta\\\/\",\"url\":\"https:\\\/\\\/spiterstulen.no\\\/en\\\/mountain-hikes\\\/haute-route-hogruta\\\/\",\"name\":\"Haute Route - H\u00f8gruta - Spiterstulen Turisthytte\",\"isPartOf\":{\"@id\":\"https:\\\/\\\/spiterstulen.no\\\/en\\\/#website\"},\"primaryImageOfPage\":{\"@id\":\"https:\\\/\\\/spiterstulen.no\\\/en\\\/mountain-hikes\\\/haute-route-hogruta\\\/#primaryimage\"},\"image\":{\"@id\":\"https:\\\/\\\/spiterstulen.no\\\/en\\\/mountain-hikes\\\/haute-route-hogruta\\\/#primaryimage\"},\"thumbnailUrl\":\"https:\\\/\\\/spiterstulen.no\\\/wp-content\\\/uploads\\\/2024\\\/02\\\/Aktiviteter-Hogruta.jpg\",\"datePublished\":\"2024-04-04T12:43:09+00:00\",\"dateModified\":\"2024-05-30T14:30:26+00:00\",\"breadcrumb\":{\"@id\":\"https:\\\/\\\/spiterstulen.no\\\/en\\\/mountain-hikes\\\/haute-route-hogruta\\\/#breadcrumb\"},\"inLanguage\":\"en-US\",\"potentialAction\":[{\"@type\":\"ReadAction\",\"target\":[\"https:\\\/\\\/spiterstulen.no\\\/en\\\/mountain-hikes\\\/haute-route-hogruta\\\/\"]}]},{\"@type\":\"ImageObject\",\"inLanguage\":\"en-US\",\"@id\":\"https:\\\/\\\/spiterstulen.no\\\/en\\\/mountain-hikes\\\/haute-route-hogruta\\\/#primaryimage\",\"url\":\"https:\\\/\\\/spiterstulen.no\\\/wp-content\\\/uploads\\\/2024\\\/02\\\/Aktiviteter-Hogruta.jpg\",\"contentUrl\":\"https:\\\/\\\/spiterstulen.no\\\/wp-content\\\/uploads\\\/2024\\\/02\\\/Aktiviteter-Hogruta.jpg\",\"width\":1200,\"height\":572,\"caption\":\"F\u00e5r en bra v\u00e6r p\u00e5 turen, er det bare \u00e5 nyte den flotte utsikten. Foto: Wildhagen\"},{\"@type\":\"BreadcrumbList\",\"@id\":\"https:\\\/\\\/spiterstulen.no\\\/en\\\/mountain-hikes\\\/haute-route-hogruta\\\/#breadcrumb\",\"itemListElement\":[{\"@type\":\"ListItem\",\"position\":1,\"name\":\"Hjem\",\"item\":\"https:\\\/\\\/spiterstulen.no\\\/en\\\/\"},{\"@type\":\"ListItem\",\"position\":2,\"name\":\"Mountain hikes\",\"item\":\"https:\\\/\\\/spiterstulen.no\\\/en\\\/mountain-hikes\\\/\"},{\"@type\":\"ListItem\",\"position\":3,\"name\":\"Haute Route &#8211; H\u00f8gruta\"}]},{\"@type\":\"WebSite\",\"@id\":\"https:\\\/\\\/spiterstulen.no\\\/en\\\/#website\",\"url\":\"https:\\\/\\\/spiterstulen.no\\\/en\\\/\",\"name\":\"Spiterstulen Turisthytte\",\"description\":\"Gir hverdagen et pusterom\",\"potentialAction\":[{\"@type\":\"SearchAction\",\"target\":{\"@type\":\"EntryPoint\",\"urlTemplate\":\"https:\\\/\\\/spiterstulen.no\\\/en\\\/?s={search_term_string}\"},\"query-input\":{\"@type\":\"PropertyValueSpecification\",\"valueRequired\":true,\"valueName\":\"search_term_string\"}}],\"inLanguage\":\"en-US\"}]}<\/script>\n<!-- \/ Yoast SEO plugin. -->","yoast_head_json":{"title":"Haute Route - H\u00f8gruta - Spiterstulen Turisthytte","robots":{"index":"index","follow":"follow","max-snippet":"max-snippet:-1","max-image-preview":"max-image-preview:large","max-video-preview":"max-video-preview:-1"},"canonical":"https:\/\/spiterstulen.no\/en\/mountain-hikes\/haute-route-hogruta\/","og_locale":"en_US","og_type":"article","og_title":"Haute Route - H\u00f8gruta - Spiterstulen Turisthytte","og_url":"https:\/\/spiterstulen.no\/en\/mountain-hikes\/haute-route-hogruta\/","og_site_name":"Spiterstulen Turisthytte","article_modified_time":"2024-05-30T14:30:26+00:00","og_image":[{"width":1200,"height":572,"url":"https:\/\/spiterstulen.no\/wp-content\/uploads\/2024\/02\/Aktiviteter-Hogruta.jpg","type":"image\/jpeg"}],"twitter_card":"summary_large_image","schema":{"@context":"https:\/\/schema.org","@graph":[{"@type":"WebPage","@id":"https:\/\/spiterstulen.no\/en\/mountain-hikes\/haute-route-hogruta\/","url":"https:\/\/spiterstulen.no\/en\/mountain-hikes\/haute-route-hogruta\/","name":"Haute Route - H\u00f8gruta - Spiterstulen Turisthytte","isPartOf":{"@id":"https:\/\/spiterstulen.no\/en\/#website"},"primaryImageOfPage":{"@id":"https:\/\/spiterstulen.no\/en\/mountain-hikes\/haute-route-hogruta\/#primaryimage"},"image":{"@id":"https:\/\/spiterstulen.no\/en\/mountain-hikes\/haute-route-hogruta\/#primaryimage"},"thumbnailUrl":"https:\/\/spiterstulen.no\/wp-content\/uploads\/2024\/02\/Aktiviteter-Hogruta.jpg","datePublished":"2024-04-04T12:43:09+00:00","dateModified":"2024-05-30T14:30:26+00:00","breadcrumb":{"@id":"https:\/\/spiterstulen.no\/en\/mountain-hikes\/haute-route-hogruta\/#breadcrumb"},"inLanguage":"en-US","potentialAction":[{"@type":"ReadAction","target":["https:\/\/spiterstulen.no\/en\/mountain-hikes\/haute-route-hogruta\/"]}]},{"@type":"ImageObject","inLanguage":"en-US","@id":"https:\/\/spiterstulen.no\/en\/mountain-hikes\/haute-route-hogruta\/#primaryimage","url":"https:\/\/spiterstulen.no\/wp-content\/uploads\/2024\/02\/Aktiviteter-Hogruta.jpg","contentUrl":"https:\/\/spiterstulen.no\/wp-content\/uploads\/2024\/02\/Aktiviteter-Hogruta.jpg","width":1200,"height":572,"caption":"F\u00e5r en bra v\u00e6r p\u00e5 turen, er det bare \u00e5 nyte den flotte utsikten. Foto: Wildhagen"},{"@type":"BreadcrumbList","@id":"https:\/\/spiterstulen.no\/en\/mountain-hikes\/haute-route-hogruta\/#breadcrumb","itemListElement":[{"@type":"ListItem","position":1,"name":"Hjem","item":"https:\/\/spiterstulen.no\/en\/"},{"@type":"ListItem","position":2,"name":"Mountain hikes","item":"https:\/\/spiterstulen.no\/en\/mountain-hikes\/"},{"@type":"ListItem","position":3,"name":"Haute Route &#8211; H\u00f8gruta"}]},{"@type":"WebSite","@id":"https:\/\/spiterstulen.no\/en\/#website","url":"https:\/\/spiterstulen.no\/en\/","name":"Spiterstulen Turisthytte","description":"Gir hverdagen et pusterom","potentialAction":[{"@type":"SearchAction","target":{"@type":"EntryPoint","urlTemplate":"https:\/\/spiterstulen.no\/en\/?s={search_term_string}"},"query-input":{"@type":"PropertyValueSpecification","valueRequired":true,"valueName":"search_term_string"}}],"inLanguage":"en-US"}]}},"_links":{"self":[{"href":"https:\/\/spiterstulen.no\/en\/wp-json\/wp\/v2\/pages\/4085","targetHints":{"allow":["GET"]}}],"collection":[{"href":"https:\/\/spiterstulen.no\/en\/wp-json\/wp\/v2\/pages"}],"about":[{"href":"https:\/\/spiterstulen.no\/en\/wp-json\/wp\/v2\/types\/page"}],"author":[{"embeddable":true,"href":"https:\/\/spiterstulen.no\/en\/wp-json\/wp\/v2\/users\/2"}],"replies":[{"embeddable":true,"href":"https:\/\/spiterstulen.no\/en\/wp-json\/wp\/v2\/comments?post=4085"}],"version-history":[{"count":1,"href":"https:\/\/spiterstulen.no\/en\/wp-json\/wp\/v2\/pages\/4085\/revisions"}],"predecessor-version":[{"id":4086,"href":"https:\/\/spiterstulen.no\/en\/wp-json\/wp\/v2\/pages\/4085\/revisions\/4086"}],"up":[{"embeddable":true,"href":"https:\/\/spiterstulen.no\/en\/wp-json\/wp\/v2\/pages\/5401"}],"wp:featuredmedia":[{"embeddable":true,"href":"https:\/\/spiterstulen.no\/en\/wp-json\/wp\/v2\/media\/3762"}],"wp:attachment":[{"href":"https:\/\/spiterstulen.no\/en\/wp-json\/wp\/v2\/media?parent=4085"}],"curies":[{"name":"wp","href":"https:\/\/api.w.org\/{rel}","templated":true}]}}